{"id":1932,"date":"2024-06-10T18:28:01","date_gmt":"2024-06-11T02:28:01","guid":{"rendered":"https:\/\/steffi-graf.org\/?page_id=1932"},"modified":"2024-08-12T14:58:20","modified_gmt":"2024-08-12T22:58:20","slug":"impressum","status":"publish","type":"page","link":"https:\/\/steffi-graf.net\/de\/impressum\/","title":{"rendered":"Impressum"},"content":{"rendered":"<div data-elementor-type=\"wp-page\" data-elementor-id=\"1932\" class=\"elementor elementor-1932\">\n\t\t\t\t<div class=\"elementor-element elementor-element-39200215 e-con-full e-flex parallax_section_no qode_elementor_container_no e-con e-parent\" data-id=\"39200215\" data-element_type=\"container\" data-e-type=\"container\">\n\t\t<div class=\"elementor-element elementor-element-d4dbbd1 e-con-full max-width e-flex parallax_section_no qode_elementor_container_no e-con e-child\" data-id=\"d4dbbd1\" data-element_type=\"container\" data-e-type=\"container\">\n\t\t<div class=\"elementor-element elementor-element-5f4e6a4 e-con-full e-flex parallax_section_no qode_elementor_container_no e-con e-child\" data-id=\"5f4e6a4\" data-element_type=\"container\" data-e-type=\"container\">\n\t\t\t\t<div class=\"elementor-element elementor-element-306d837 elementor-widget elementor-widget-text-editor\" data-id=\"306d837\" data-element_type=\"widget\" data-e-type=\"widget\" data-widget_type=\"text-editor.default\">\n\t\t\t\t<div class=\"elementor-widget-container\">\n\t\t\t\t\t\t\t\t\t<h1>Impressum<\/h1>\t\t\t\t\t\t\t\t<\/div>\n\t\t\t\t<\/div>\n\t\t<div class=\"elementor-element elementor-element-8a51f1c e-con-full e-flex parallax_section_no qode_elementor_container_no e-con e-child\" data-id=\"8a51f1c\" data-element_type=\"container\" data-e-type=\"container\" data-settings=\"{&quot;background_background&quot;:&quot;classic&quot;}\">\n\t\t\t\t<\/div>\n\t\t\t\t<\/div>\n\t\t\t\t<div class=\"elementor-element elementor-element-1a43cf4 elementor-widget elementor-widget-text-editor\" data-id=\"1a43cf4\" data-element_type=\"widget\" data-e-type=\"widget\" data-widget_type=\"text-editor.default\">\n\t\t\t\t<div class=\"elementor-widget-container\">\n\t\t\t\t\t\t\t\t\t<p><\/p>\n<h5 class=\"wp-block-heading\">Verantwortliche Anbieterin dieser Website:<\/h5>\n<p><\/p>\n<p>Stefanie Graf Marketing GmbH\u00a0&amp; Co. KG<\/p>\n<p>Gartenstr.1<\/p>\n<p>D- 68723 Schwetzingen<\/p>\n<p>Germany<\/p>\n<p>Gesch\u00e4ftsf\u00fchrerin: Claudia K\u00fchne<\/p>\n<p>E-Mail: claudiakuehne@stefanie-graf.de<\/p>\n<p>Registergericht: AG Mannheim, HRA 421461<\/p>\n<p>UStID-Nr.: \u2026\u2026\u2026\u2026\u2026\u2026\u2026\u2026\u2026\u2026.DE.<\/p>\n<p><\/p>\n<p><\/p>\n<p><\/p>\n<p><\/p>\n<p><\/p>\t\t\t\t\t\t\t\t<\/div>\n\t\t\t\t<\/div>\n\t\t\t\t<\/div>\n\t\t\t\t<\/div>\n\t\t<div class=\"elementor-element elementor-element-37b6f277 e-con-full e-flex parallax_section_no qode_elementor_container_no e-con e-parent\" data-id=\"37b6f277\" data-element_type=\"container\" data-e-type=\"container\" data-settings=\"{&quot;background_background&quot;:&quot;classic&quot;}\">\n\t\t<div class=\"elementor-element elementor-element-7d9e6dce e-con-full max-width e-flex parallax_section_no qode_elementor_container_no e-con e-child\" data-id=\"7d9e6dce\" data-element_type=\"container\" data-e-type=\"container\">\n\t\t\t\t<div class=\"elementor-element elementor-element-3ed710b0 elementor-widget__width-auto elementor-widget-tablet__width-inherit elementor-widget elementor-widget-text-editor\" data-id=\"3ed710b0\" data-element_type=\"widget\" data-e-type=\"widget\" data-widget_type=\"text-editor.default\">\n\t\t\t\t<div class=\"elementor-widget-container\">\n\t\t\t\t\t\t\t\t\t<h1>Kontakt Stefanie<\/h1>\t\t\t\t\t\t\t\t<\/div>\n\t\t\t\t<\/div>\n\t\t<div class=\"elementor-element elementor-element-2ee0b34c e-con-full contact-rule e-flex parallax_section_no qode_elementor_container_no e-con e-child\" data-id=\"2ee0b34c\" data-element_type=\"container\" data-e-type=\"container\" data-settings=\"{&quot;background_background&quot;:&quot;classic&quot;}\">\n\t\t\t\t<\/div>\n\t\t\t\t<div class=\"elementor-element elementor-element-53383b20 elementor-align-center elementor-widget__width-auto elementor-widget elementor-widget-button\" data-id=\"53383b20\" data-element_type=\"widget\" data-e-type=\"widget\" data-widget_type=\"button.default\">\n\t\t\t\t<div class=\"elementor-widget-container\">\n\t\t\t\t\t\t\t\t\t<div class=\"elementor-button-wrapper\">\n\t\t\t\t\t<a class=\"elementor-button elementor-button-link elementor-size-sm\" href=\"\/de\/Contact\/\">\n\t\t\t\t\t\t<span class=\"elementor-button-content-wrapper\">\n\t\t\t\t\t\t\t\t\t<span class=\"elementor-button-text\">Kontakt aufnehmen<\/span>\n\t\t\t\t\t<\/span>\n\t\t\t\t\t<\/a>\n\t\t\t\t<\/div>\n\t\t\t\t\t\t\t\t<\/div>\n\t\t\t\t<\/div>\n\t\t\t\t<\/div>\n\t\t\t\t<\/div>\n\t\t<div class=\"elementor-element elementor-element-22e790e2 e-con-full footer e-flex parallax_section_no qode_elementor_container_no e-con e-parent\" data-id=\"22e790e2\" data-element_type=\"container\" data-e-type=\"container\" data-settings=\"{&quot;background_background&quot;:&quot;classic&quot;}\">\n\t\t<div class=\"elementor-element elementor-element-7375209f e-con-full max-width e-flex parallax_section_no qode_elementor_container_no e-con e-child\" data-id=\"7375209f\" data-element_type=\"container\" data-e-type=\"container\">\n\t\t\t\t<div class=\"elementor-element elementor-element-61f39645 elementor-shape-square elementor-grid-tablet-0 elementor-grid-0 e-grid-align-center elementor-widget elementor-widget-social-icons\" data-id=\"61f39645\" data-element_type=\"widget\" data-e-type=\"widget\" data-widget_type=\"social-icons.default\">\n\t\t\t\t<div class=\"elementor-widget-container\">\n\t\t\t\t\t\t\t<div class=\"elementor-social-icons-wrapper elementor-grid\">\n\t\t\t\t\t\t\t<span class=\"elementor-grid-item\">\n\t\t\t\t\t<a class=\"elementor-icon elementor-social-icon elementor-social-icon-facebook elementor-repeater-item-4adc568\" href=\"https:\/\/www.facebook.com\/officialsteffigraf\" target=\"_blank\">\n\t\t\t\t\t\t<span class=\"elementor-screen-only\">Facebook<\/span>\n\t\t\t\t\t\t<svg aria-hidden=\"true\" class=\"e-font-icon-svg e-fab-facebook\" viewbox=\"0 0 512 512\" xmlns=\"http:\/\/www.w3.org\/2000\/svg\"><path d=\"M504 256C504 119 393 8 256 8S8 119 8 256c0 123.78 90.69 226.38 209.25 245V327.69h-63V256h63v-54.64c0-62.15 37-96.48 93.67-96.48 27.14 0 55.52 4.84 55.52 4.84v61h-31.28c-30.8 0-40.41 19.12-40.41 38.73V256h68.78l-11 71.69h-57.78V501C413.31 482.38 504 379.78 504 256z\"><\/path><\/svg>\t\t\t\t\t<\/a>\n\t\t\t\t<\/span>\n\t\t\t\t\t<\/div>\n\t\t\t\t\t\t<\/div>\n\t\t\t\t<\/div>\n\t\t<div class=\"elementor-element elementor-element-5c146c1a e-con-full e-flex parallax_section_no qode_elementor_container_no e-con e-child\" data-id=\"5c146c1a\" data-element_type=\"container\" data-e-type=\"container\">\n\t\t\t\t<div class=\"elementor-element elementor-element-1f354218 elementor-align-center elementor-tablet-align-right elementor-mobile-align-center elementor-widget-tablet__width-inherit elementor-widget elementor-widget-button\" data-id=\"1f354218\" data-element_type=\"widget\" data-e-type=\"widget\" data-widget_type=\"button.default\">\n\t\t\t\t<div class=\"elementor-widget-container\">\n\t\t\t\t\t\t\t\t\t<div class=\"elementor-button-wrapper\">\n\t\t\t\t\t<a class=\"elementor-button elementor-button-link elementor-size-sm\" href=\"\/de\/impressum\/\">\n\t\t\t\t\t\t<span class=\"elementor-button-content-wrapper\">\n\t\t\t\t\t\t\t\t\t<span class=\"elementor-button-text\">Impressum<\/span>\n\t\t\t\t\t<\/span>\n\t\t\t\t\t<\/a>\n\t\t\t\t<\/div>\n\t\t\t\t\t\t\t\t<\/div>\n\t\t\t\t<\/div>\n\t\t\t\t<div class=\"elementor-element elementor-element-36666385 elementor-align-center elementor-tablet-align-right elementor-mobile-align-center elementor-widget-tablet__width-inherit elementor-widget elementor-widget-button\" data-id=\"36666385\" data-element_type=\"widget\" data-e-type=\"widget\" data-widget_type=\"button.default\">\n\t\t\t\t<div class=\"elementor-widget-container\">\n\t\t\t\t\t\t\t\t\t<div class=\"elementor-button-wrapper\">\n\t\t\t\t\t<a class=\"elementor-button elementor-button-link elementor-size-sm\" href=\"\/de\/privacy-policy\/\">\n\t\t\t\t\t\t<span class=\"elementor-button-content-wrapper\">\n\t\t\t\t\t\t\t\t\t<span class=\"elementor-button-text\">Privacy policy<\/span>\n\t\t\t\t\t<\/span>\n\t\t\t\t\t<\/a>\n\t\t\t\t<\/div>\n\t\t\t\t\t\t\t\t<\/div>\n\t\t\t\t<\/div>\n\t\t\t\t<div class=\"elementor-element elementor-element-7c8bf0c2 elementor-widget__width-auto elementor-widget-tablet__width-inherit replace-year elementor-widget elementor-widget-text-editor\" data-id=\"7c8bf0c2\" data-element_type=\"widget\" data-e-type=\"widget\" data-widget_type=\"text-editor.default\">\n\t\t\t\t<div class=\"elementor-widget-container\">\n\t\t\t\t\t\t\t\t\t<p>\u00a9 2024 Stefanie Graf<\/p>\t\t\t\t\t\t\t\t<\/div>\n\t\t\t\t<\/div>\n\t\t\t\t<\/div>\n\t\t\t\t<\/div>\n\t\t\t\t<\/div>\n\t\t\t\t<\/div>","protected":false},"excerpt":{"rendered":"<p>Impressum Verantwortliche Anbieterin dieser Website: Stefanie Graf Marketing GmbH\u00a0&amp; Co. KG Gartenstr.1 D- 68723 Schwetzingen Germany Gesch\u00e4ftsf\u00fchrerin: Claudia K\u00fchne E-Mail: claudiakuehne@stefanie-graf.de Registergericht: AG Mannheim, HRA 421461 UStID-Nr.: \u2026\u2026\u2026\u2026\u2026\u2026\u2026\u2026\u2026\u2026.DE. Contact Stefanie Get in touch Facebook Impressum Privacy policy \u00a9 2024 Stefanie Graf<\/p>","protected":false},"author":2,"featured_media":0,"parent":0,"menu_order":0,"comment_status":"closed","ping_status":"closed","template":"","meta":{"footnotes":""},"class_list":["post-1932","page","type-page","status-publish","hentry"],"_links":{"self":[{"href":"https:\/\/steffi-graf.net\/de\/wp-json\/wp\/v2\/pages\/1932","targetHints":{"allow":["GET"]}}],"collection":[{"href":"https:\/\/steffi-graf.net\/de\/wp-json\/wp\/v2\/pages"}],"about":[{"href":"https:\/\/steffi-graf.net\/de\/wp-json\/wp\/v2\/types\/page"}],"author":[{"embeddable":true,"href":"https:\/\/steffi-graf.net\/de\/wp-json\/wp\/v2\/users\/2"}],"replies":[{"embeddable":true,"href":"https:\/\/steffi-graf.net\/de\/wp-json\/wp\/v2\/comments?post=1932"}],"version-history":[{"count":15,"href":"https:\/\/steffi-graf.net\/de\/wp-json\/wp\/v2\/pages\/1932\/revisions"}],"predecessor-version":[{"id":2871,"href":"https:\/\/steffi-graf.net\/de\/wp-json\/wp\/v2\/pages\/1932\/revisions\/2871"}],"wp:attachment":[{"href":"https:\/\/steffi-graf.net\/de\/wp-json\/wp\/v2\/media?parent=1932"}],"curies":[{"name":"wp","href":"https:\/\/api.w.org\/{rel}","templated":true}]}}